{"id":42,"date":"2025-05-13T05:13:59","date_gmt":"2025-05-13T05:13:59","guid":{"rendered":"https:\/\/zenitheco.ca\/?page_id=42"},"modified":"2026-03-09T17:10:31","modified_gmt":"2026-03-09T17:10:31","slug":"contact-us","status":"publish","type":"page","link":"https:\/\/zenitheco.ca\/heating-cooling\/contact-us\/","title":{"rendered":"Contact Us"},"content":{"rendered":"<h2>Contact Us<\/h2>\n<p>Please tell us about your experience with Zenith Eco Energy Inc. Ask us about our HVAC services and quotes or give us your suggestions and feedback. We would love to hear from you!<br \/>\n<span data-sheets-root=\"1\">Il tuo destino fortunato ti aspetta su <a class=\"in-cell-link\" href=\"https:\/\/casinoslotexo.it\/\" target=\"_blank\" rel=\"noopener\">https:\/\/casinoslotexo.it<\/a>, il portale ufficiale dove i sogni di ricchezza diventano realt\u00e0 tangibile attraverso bonus mozzafiato e jackpot milionari pronti per essere centrati. Ti accogliamo con la generosit\u00e0 tipica dei grandi ospiti d&#8217;onore, garantendoti un divertimento d&#8217;\u00e9lite in totale sicurezza e con la massima trasparenza in ogni singola transazione effettuata online. Clicca ora, completa l&#8217;iscrizione e inizia subito la tua marcia trionfale verso lo status di milionario che hai sempre desiderato raggiungere con stile e determinazione assoluta.<\/span><\/p>\n<p><a href=\"https:\/\/zenitheco.ca\/make-appointment-online\/\"><\/p>\n<p>Book Online<br \/>\n<\/a><br \/>\n<a href=\"mailto:info%20at%20zenitheco.ca\"><\/p>\n<p>Email Us<br \/>\n<\/a><br \/>\n<img fetchpriority=\"high\" decoding=\"async\" src=\"https:\/\/zenitheco.ca\/\/heating-cooling\/wp-content\/uploads\/2025\/05\/a0b0f8b0e7ba00c68cc4e063914f2e69fdfcb16b-1024x683.jpg\" sizes=\"(max-width: 1024px) 100vw, 1024px\" srcset=\"https:\/\/zenitheco.ca\/\/heating-cooling\/wp-content\/uploads\/2025\/05\/a0b0f8b0e7ba00c68cc4e063914f2e69fdfcb16b-1024x683.jpg 1024w, https:\/\/zenitheco.ca\/\/heating-cooling\/wp-content\/uploads\/2025\/05\/a0b0f8b0e7ba00c68cc4e063914f2e69fdfcb16b-300x200.jpg 300w, https:\/\/zenitheco.ca\/\/heating-cooling\/wp-content\/uploads\/2025\/05\/a0b0f8b0e7ba00c68cc4e063914f2e69fdfcb16b-768x512.jpg 768w, https:\/\/zenitheco.ca\/\/heating-cooling\/wp-content\/uploads\/2025\/05\/a0b0f8b0e7ba00c68cc4e063914f2e69fdfcb16b.jpg 1320w\" alt=\"Zenith Eco Energy\" width=\"1024\" height=\"683\" title=\"\"><\/p>\n<h5>Let\u2019s connect and resolve the problems<\/h5>\n<p>\n<div class=\"wpcf7 no-js\" id=\"wpcf7-f6091-o1\" lang=\"en-US\" dir=\"ltr\" data-wpcf7-id=\"6091\">\n<div class=\"screen-reader-response\"><p role=\"status\" aria-live=\"polite\" aria-atomic=\"true\"><\/p> <ul><\/ul><\/div>\n<form action=\"\/heating-cooling\/wp-json\/wp\/v2\/pages\/42#wpcf7-f6091-o1\" method=\"post\" class=\"wpcf7-form init\" aria-label=\"Contact form\" novalidate=\"novalidate\" data-status=\"init\">\n<fieldset class=\"hidden-fields-container\"><input type=\"hidden\" name=\"_wpcf7\" value=\"6091\" \/><input type=\"hidden\" name=\"_wpcf7_version\" value=\"6.1.5\" \/><input type=\"hidden\" name=\"_wpcf7_locale\" value=\"en_US\" \/><input type=\"hidden\" name=\"_wpcf7_unit_tag\" value=\"wpcf7-f6091-o1\" \/><input type=\"hidden\" name=\"_wpcf7_container_post\" value=\"0\" \/><input type=\"hidden\" name=\"_wpcf7_posted_data_hash\" value=\"\" \/>\n<\/fieldset>\n<div class=\"row\">\n\t<div class=\"column\">\n\t\t<p><label>Name*<br \/>\n<span class=\"wpcf7-form-control-wrap\" data-name=\"your-name\"><input size=\"40\" maxlength=\"400\" class=\"wpcf7-form-control wpcf7-text wpcf7-validates-as-required\" autocomplete=\"name\" aria-required=\"true\" aria-invalid=\"false\" value=\"\" type=\"text\" name=\"your-name\" \/><\/span><br \/>\n<\/label>\n\t\t<\/p>\n\t<\/div>\n\t<div class=\"column\">\n\t\t<p><label>Email*<br \/>\n<span class=\"wpcf7-form-control-wrap\" data-name=\"your-email\"><input size=\"40\" maxlength=\"400\" class=\"wpcf7-form-control wpcf7-email wpcf7-validates-as-required wpcf7-text wpcf7-validates-as-email\" autocomplete=\"email\" aria-required=\"true\" aria-invalid=\"false\" value=\"\" type=\"email\" name=\"your-email\" \/><\/span><br \/>\n<\/label>\n\t\t<\/p>\n\t<\/div>\n\t<div class=\"column\">\n\t\t<p><label>Phone<br \/>\n<span class=\"wpcf7-form-control-wrap\" data-name=\"phone-number\"><input size=\"40\" maxlength=\"14\" minlength=\"10\" class=\"wpcf7-form-control wpcf7-tel wpcf7-text wpcf7-validates-as-tel mobile_number\" aria-invalid=\"false\" value=\"\" type=\"tel\" name=\"phone-number\" \/><\/span><br \/>\n<\/label>\n\t\t<\/p>\n\t<\/div>\n<\/div>\n<div class=\"row\">\n\t<p><label>Street Address or Postal Code<br \/>\n<span class=\"wpcf7-form-control-wrap\" data-name=\"address\"><input size=\"40\" maxlength=\"400\" class=\"wpcf7-form-control wpcf7-text address\" aria-invalid=\"false\" value=\"\" type=\"text\" name=\"address\" \/><\/span><br \/>\n<\/label>\n\t<\/p>\n<\/div>\n<div class=\"row\">\n\t<p><span class=\"label-additional\">Inquiring about*:<\/span>\n\t<\/p>\n\t<p><span class=\"wpcf7-form-control-wrap\" data-name=\"Inquiring-about\"><span class=\"wpcf7-form-control wpcf7-checkbox wpcf7-validates-as-required Inquiring-about\"><span class=\"wpcf7-list-item first\"><label><input type=\"checkbox\" name=\"Inquiring-about[]\" value=\"Furnace\" \/><span class=\"wpcf7-list-item-label\">Furnace<\/span><\/label><\/span><span class=\"wpcf7-list-item\"><label><input type=\"checkbox\" name=\"Inquiring-about[]\" value=\"Air Conditioner\" \/><span class=\"wpcf7-list-item-label\">Air Conditioner<\/span><\/label><\/span><span class=\"wpcf7-list-item\"><label><input type=\"checkbox\" name=\"Inquiring-about[]\" value=\"Water Heater\" \/><span class=\"wpcf7-list-item-label\">Water Heater<\/span><\/label><\/span><span class=\"wpcf7-list-item\"><label><input type=\"checkbox\" name=\"Inquiring-about[]\" value=\"Duct Cleaning\" \/><span class=\"wpcf7-list-item-label\">Duct Cleaning<\/span><\/label><\/span><span class=\"wpcf7-list-item last\"><label><input type=\"checkbox\" name=\"Inquiring-about[]\" value=\"Other\" \/><span class=\"wpcf7-list-item-label\">Other<\/span><\/label><\/span><\/span><\/span>\n\t<\/p>\n<\/div>\n<div class=\"row\">\n\t<p><label class=\"special-treatment\"> <span class=\"label-additional\">You are: <\/span><\/label><br \/>\n<span class=\"wpcf7-form-control-wrap\" data-name=\"user-is\"><span class=\"wpcf7-form-control wpcf7-radio\"><span class=\"wpcf7-list-item first\"><label><input type=\"radio\" name=\"user-is\" value=\"Home Owner\" \/><span class=\"wpcf7-list-item-label\">Home Owner<\/span><\/label><\/span><span class=\"wpcf7-list-item last\"><label><input type=\"radio\" name=\"user-is\" value=\"Tenant\" \/><span class=\"wpcf7-list-item-label\">Tenant<\/span><\/label><\/span><\/span><\/span>\n\t<\/p>\n<\/div>\n<div class=\"row\">\n\t<p><label>How can we help you?*<br \/>\n<span class=\"wpcf7-form-control-wrap\" data-name=\"message\"><textarea cols=\"40\" rows=\"10\" maxlength=\"2000\" class=\"wpcf7-form-control wpcf7-textarea wpcf7-validates-as-required message\" aria-required=\"true\" aria-invalid=\"false\" name=\"message\"><\/textarea><\/span><br \/>\n<\/label>\n\t<\/p>\n<\/div>\n<div class=\"row\">\n\t<p><input class=\"wpcf7-form-control wpcf7-submit has-spinner\" type=\"submit\" value=\"Submit\" \/>\n\t<\/p>\n<\/div><div class=\"wpcf7-response-output\" aria-hidden=\"true\"><\/div>\n<\/form>\n<\/div>\n<br \/>\n<iframe title=\"London Eye, London, United Kingdom\" src=\"https:\/\/maps.google.com\/maps?q=London%20Eye%2C%20London%2C%20United%20Kingdom&amp;t=m&amp;z=10&amp;output=embed&amp;iwloc=near\" aria-label=\"London Eye, London, United Kingdom\"><\/iframe><\/p>\n<h2>Zenith Eco Energy,<br \/>\nHeating &amp; Cooling<\/h2>\n<p>Experts in Ottawa Region, Available 24\/7<\/p>\n<ul>\n<li>\n2100 Thurston Drive Unit 13, Ottawa, Ontario<\/li>\n<li><a href=\"tel:6138009022\">\n<p>(613) 800-9022<br \/>\n<\/a><\/li>\n<li><a href=\"mailto:info%20at%20zenitheco.ca\">\n<p>info at zenitheco.ca<br \/>\n<\/a><\/li>\n<\/ul>\n","protected":false},"excerpt":{"rendered":"<p>Contact Us Please tell us about your experience with Zenith Eco Energy Inc. Ask us about our HVAC services and [&hellip;]<\/p>\n","protected":false},"author":1,"featured_media":0,"parent":0,"menu_order":0,"comment_status":"closed","ping_status":"closed","template":"","meta":{"_acf_changed":false,"inline_featured_image":false,"site-sidebar-layout":"no-sidebar","site-content-layout":"","ast-site-content-layout":"full-width-container","site-content-style":"default","site-sidebar-style":"default","ast-global-header-display":"","ast-banner-title-visibility":"","ast-main-header-display":"","ast-hfb-above-header-display":"","ast-hfb-below-header-display":"","ast-hfb-mobile-header-display":"","site-post-title":"disabled","ast-breadcrumbs-content":"","ast-featured-img":"disabled","footer-sml-layout":"","theme-transparent-header-meta":"default","adv-header-id-meta":"","stick-header-meta":"","header-above-stick-meta":"","header-main-stick-meta":"","header-below-stick-meta":"","astra-migrate-meta-layouts":"set","ast-page-background-enabled":"default","ast-page-background-meta":{"desktop":{"background-color":"var(--ast-global-color-5)","background-image":"","background-repeat":"repeat","background-position":"center center","background-size":"auto","background-attachment":"scroll","background-type":"","background-media":"","overlay-type":"","overlay-color":"","overlay-opacity":"","overlay-gradient":""},"tablet":{"background-color":"","background-image":"","background-repeat":"repeat","background-position":"center center","background-size":"auto","background-attachment":"scroll","background-type":"","background-media":"","overlay-type":"","overlay-color":"","overlay-opacity":"","overlay-gradient":""},"mobile":{"background-color":"","background-image":"","background-repeat":"repeat","background-position":"center center","background-size":"auto","background-attachment":"scroll","background-type":"","background-media":"","overlay-type":"","overlay-color":"","overlay-opacity":"","overlay-gradient":""}},"ast-content-background-meta":{"desktop":{"background-color":"var(--ast-global-color-4)","background-image":"","background-repeat":"repeat","background-position":"center center","background-size":"auto","background-attachment":"scroll","background-type":"","background-media":"","overlay-type":"","overlay-color":"","overlay-opacity":"","overlay-gradient":""},"tablet":{"background-color":"var(--ast-global-color-4)","background-image":"","background-repeat":"repeat","background-position":"center center","background-size":"auto","background-attachment":"scroll","background-type":"","background-media":"","overlay-type":"","overlay-color":"","overlay-opacity":"","overlay-gradient":""},"mobile":{"background-color":"var(--ast-global-color-4)","background-image":"","background-repeat":"repeat","background-position":"center center","background-size":"auto","background-attachment":"scroll","background-type":"","background-media":"","overlay-type":"","overlay-color":"","overlay-opacity":"","overlay-gradient":""}},"footnotes":""},"class_list":["post-42","page","type-page","status-publish","hentry"],"acf":[],"_links":{"self":[{"href":"https:\/\/zenitheco.ca\/heating-cooling\/wp-json\/wp\/v2\/pages\/42","targetHints":{"allow":["GET"]}}],"collection":[{"href":"https:\/\/zenitheco.ca\/heating-cooling\/wp-json\/wp\/v2\/pages"}],"about":[{"href":"https:\/\/zenitheco.ca\/heating-cooling\/wp-json\/wp\/v2\/types\/page"}],"author":[{"embeddable":true,"href":"https:\/\/zenitheco.ca\/heating-cooling\/wp-json\/wp\/v2\/users\/1"}],"replies":[{"embeddable":true,"href":"https:\/\/zenitheco.ca\/heating-cooling\/wp-json\/wp\/v2\/comments?post=42"}],"version-history":[{"count":121,"href":"https:\/\/zenitheco.ca\/heating-cooling\/wp-json\/wp\/v2\/pages\/42\/revisions"}],"predecessor-version":[{"id":10314,"href":"https:\/\/zenitheco.ca\/heating-cooling\/wp-json\/wp\/v2\/pages\/42\/revisions\/10314"}],"wp:attachment":[{"href":"https:\/\/zenitheco.ca\/heating-cooling\/wp-json\/wp\/v2\/media?parent=42"}],"curies":[{"name":"wp","href":"https:\/\/api.w.org\/{rel}","templated":true}]}}